{"id":28,"date":"2021-01-06T16:34:43","date_gmt":"2021-01-06T15:34:43","guid":{"rendered":"https:\/\/www.gundlach-automotive.com\/radar-reifen\/?page_id=28"},"modified":"2021-01-13T07:32:19","modified_gmt":"2021-01-13T06:32:19","slug":"kontakt","status":"publish","type":"page","link":"https:\/\/radar-reifen.stage.blindwerk.de\/de\/kontakt\/","title":{"rendered":"Kontakt"},"content":{"rendered":"\n<p>Sie haben eine Frage zu einem Reifenprofil oder eine allgemeine Frage zu einem Produkt? Schreiben Sie uns an <a href=\"mailto:in**@**************************rk.de\" data-original-string=\"oGkj6\/ryCF9BcQarmnjSIw==ba39u4F199fkZZIkgWAMv2pO917GnhgMbQbJfxQZ+qguwIDcs7BGA58pNsd0TKIg88s\" title=\"Dieser Kontakt wurde von Anti-Spam by CleanTalk verschl\u00fcsselt. Klicken Sie hier, um ihn zu entschl\u00fcsseln. Um die Entschl\u00fcsselung abzuschlie\u00dfen, stellen Sie sicher, dass JavaScript in Ihrem Browser aktiviert ist.\"><span \n                data-original-string='3QfD7aFFCwY1hdhvZunpLQ==ba3HMocasOlepBMcLIVfnMeXzOJ9PirycV5rDHT69cc9wJzFfYmANDg\/u5sZN8kvZ4h'\n                class='apbct-email-encoder'\n                title='Dieser Kontakt wurde von Anti-Spam by CleanTalk verschl\u00fcsselt. Klicken Sie hier, um ihn zu entschl\u00fcsseln. Um die Entschl\u00fcsselung abzuschlie\u00dfen, stellen Sie sicher, dass JavaScript in Ihrem Browser aktiviert ist.'>in<span class=\"apbct-blur\">**<\/span>@<span class=\"apbct-blur\">**************************<\/span>rk.de<\/span><\/a> oder verwenden Sie das unten stehende Formular.<\/p>\n\n\n\n<p>Ihr Team von Radar Reifen<\/p>\n\n\n\n<div class=\"alert alert-warning\">\n<p>Wenn Sie eine Reifenfreigabe ben\u00f6tigen, verwenden Sie bitte das Formular unter dem Punkt <a href=\"https:\/\/radar-reifen.stage.blindwerk.de\/unbedenklichkeitsbescheinigung\" target=\"_self\" rel=\"noopener noreferrer\"><strong>Un\u00adbedenklich\u00adkeits\u00adbescheinigung<\/strong><\/a>.<\/p>\n<\/div>\n\n\n\n<div class=\"wpcf7 no-js\" id=\"wpcf7-f47-o1\" lang=\"de-DE\" dir=\"ltr\" data-wpcf7-id=\"47\">\n<div class=\"screen-reader-response\"><p role=\"status\" aria-live=\"polite\" aria-atomic=\"true\"><\/p> <ul><\/ul><\/div>\n<form action=\"\/de\/wp-json\/wp\/v2\/pages\/28#wpcf7-f47-o1\" method=\"post\" class=\"wpcf7-form init\" aria-label=\"Kontaktformular\" novalidate=\"novalidate\" data-status=\"init\">\n<fieldset class=\"hidden-fields-container\"><input type=\"hidden\" name=\"_wpcf7\" value=\"47\" \/><input type=\"hidden\" name=\"_wpcf7_version\" value=\"6.1.5\" \/><input type=\"hidden\" name=\"_wpcf7_locale\" value=\"de_DE\" \/><input type=\"hidden\" name=\"_wpcf7_unit_tag\" value=\"wpcf7-f47-o1\" \/><input type=\"hidden\" name=\"_wpcf7_container_post\" value=\"0\" \/><input type=\"hidden\" name=\"_wpcf7_posted_data_hash\" value=\"\" \/>\n<\/fieldset>\n<p>Anrede <small style=\"color: red;\">*<\/small> <span class=\"wpcf7-form-control-wrap\" data-name=\"customer-salutation\"><span class=\"wpcf7-form-control wpcf7-radio\"><span class=\"wpcf7-list-item first\"><input type=\"radio\" name=\"customer-salutation\" value=\"Herr\" checked=\"checked\" \/><span class=\"wpcf7-list-item-label\">Herr<\/span><\/span><span class=\"wpcf7-list-item last\"><input type=\"radio\" name=\"customer-salutation\" value=\"Frau\" \/><span class=\"wpcf7-list-item-label\">Frau<\/span><\/span><\/span><\/span><\/p>\n\n<p>Ihr Name <small style=\"color: red;\">*<\/small><br \/>\n    <span class=\"wpcf7-form-control-wrap\" data-name=\"customer-name\"><input size=\"40\" maxlength=\"400\" class=\"wpcf7-form-control wpcf7-text wpcf7-validates-as-required\" aria-required=\"true\" aria-invalid=\"false\" value=\"\" type=\"text\" name=\"customer-name\" \/><\/span> <\/p>\n\n<p>Ihre E-Mail-Adresse <small style=\"color: red;\">*<\/small><br \/>\n    <span class=\"wpcf7-form-control-wrap\" data-name=\"customer-email\"><input size=\"40\" maxlength=\"400\" class=\"wpcf7-form-control wpcf7-email wpcf7-validates-as-required wpcf7-text wpcf7-validates-as-email\" aria-required=\"true\" aria-invalid=\"false\" value=\"\" type=\"email\" name=\"customer-email\" \/><\/span> <\/p>\n\n<p>Betreff <small style=\"color: red;\">*<\/small><br \/>\n    <span class=\"wpcf7-form-control-wrap\" data-name=\"customer-subject\"><select class=\"wpcf7-form-control wpcf7-select wpcf7-validates-as-required\" aria-required=\"true\" aria-invalid=\"false\" name=\"customer-subject\"><option value=\"\">&#8211; Bitte ausw\u00e4hlen &#8211;<\/option><option value=\"Allgemeine Kundenfrage\">Allgemeine Kundenfrage<\/option><option value=\"Frage zum einem Reifenprofil\">Frage zum einem Reifenprofil<\/option><option value=\"Sonstiges\">Sonstiges<\/option><\/select><\/span><\/p>\n\n<p>Ihre Nachricht <small style=\"color: red;\">*<\/small><br \/>\n    <span class=\"wpcf7-form-control-wrap\" data-name=\"customer-message\"><textarea cols=\"40\" rows=\"10\" maxlength=\"2000\" class=\"wpcf7-form-control wpcf7-textarea wpcf7-validates-as-required\" aria-required=\"true\" aria-invalid=\"false\" name=\"customer-message\"><\/textarea><\/span> <\/p>\n\n<p><span class=\"wpcf7-form-control-wrap\" data-name=\"agbok\"><span class=\"wpcf7-form-control wpcf7-acceptance\"><span class=\"wpcf7-list-item\"><input type=\"checkbox\" name=\"agbok\" value=\"1\" aria-invalid=\"false\" \/><\/span><\/span><\/span> <span id=\"check-the-terms\">Bitte akzeptieren Sie vor dem Senden unsere <a href=\"https:\/\/www.radar-reifen.stage.blindwerk.de\/nutzungsbedingungen\/\" target=\"_blank\" title=\"Nutzungsbedingungen\">Nutzungsbedingungen<\/a> sowie unsere <a href=\"https:\/\/www.radar-reifen.stage.blindwerk.de\/datenschutz\/\" target=\"_blank\" title=\"Datenschutzbestimmungen\">Datenschutzbestimmungen<\/a>.<\/span><\/p>\n\n<p><input class=\"wpcf7-form-control wpcf7-submit has-spinner\" type=\"submit\" value=\"Nachricht senden\" \/><\/p>\n\n<p>Mit <small style=\"color: red;\">*<\/small> markierte Felder sind Pflichtfelder.<\/p><input type=\"hidden\" id=\"ct_checkjs_cf7_ba3866600c3540f67c1e9575e213be0a\" name=\"ct_checkjs_cf7\" value=\"0\" \/><script >setTimeout(function(){var ct_input_name = \"ct_checkjs_cf7_ba3866600c3540f67c1e9575e213be0a\";if (document.getElementById(ct_input_name) !== null) {var ct_input_value = document.getElementById(ct_input_name).value;document.getElementById(ct_input_name).value = document.getElementById(ct_input_name).value.replace(ct_input_value, '1990497492');}}, 1000);<\/script><input\n                    class=\"apbct_special_field apbct_email_id__wp_contact_form_7\"\n                    name=\"apbct__email_id__wp_contact_form_7\"\n                    aria-label=\"apbct__label_id__wp_contact_form_7\"\n                    type=\"text\" size=\"30\" maxlength=\"200\" autocomplete=\"off\"\n                    value=\"\"\n                \/><div class=\"wpcf7-response-output\" aria-hidden=\"true\"><\/div>\n<\/form>\n<\/div>\n\n","protected":false},"excerpt":{"rendered":"<p>Sie haben eine Frage zu einem Reifenprofil oder eine allgemeine Frage zu einem Produkt? Schreiben Sie uns an in**@**************************rk.de oder verwenden Sie das unten stehende Formular. Ihr Team von Radar Reifen Wenn Sie eine Reifenfreigabe ben\u00f6tigen, verwenden Sie bitte das Formular unter dem Punkt Un\u00adbedenklich\u00adkeits\u00adbescheinigung.<\/p>\n","protected":false},"author":1,"featured_media":0,"parent":0,"menu_order":4,"comment_status":"closed","ping_status":"closed","template":"","meta":{"footnotes":""},"class_list":["post-28","page","type-page","status-publish","hentry"],"_links":{"self":[{"href":"https:\/\/radar-reifen.stage.blindwerk.de\/de\/wp-json\/wp\/v2\/pages\/28","targetHints":{"allow":["GET"]}}],"collection":[{"href":"https:\/\/radar-reifen.stage.blindwerk.de\/de\/wp-json\/wp\/v2\/pages"}],"about":[{"href":"https:\/\/radar-reifen.stage.blindwerk.de\/de\/wp-json\/wp\/v2\/types\/page"}],"author":[{"embeddable":true,"href":"https:\/\/radar-reifen.stage.blindwerk.de\/de\/wp-json\/wp\/v2\/users\/1"}],"replies":[{"embeddable":true,"href":"https:\/\/radar-reifen.stage.blindwerk.de\/de\/wp-json\/wp\/v2\/comments?post=28"}],"version-history":[{"count":1,"href":"https:\/\/radar-reifen.stage.blindwerk.de\/de\/wp-json\/wp\/v2\/pages\/28\/revisions"}],"predecessor-version":[{"id":4840,"href":"https:\/\/radar-reifen.stage.blindwerk.de\/de\/wp-json\/wp\/v2\/pages\/28\/revisions\/4840"}],"wp:attachment":[{"href":"https:\/\/radar-reifen.stage.blindwerk.de\/de\/wp-json\/wp\/v2\/media?parent=28"}],"curies":[{"name":"wp","href":"https:\/\/api.w.org\/{rel}","templated":true}]}}