{"id":26,"date":"2021-01-06T16:34:25","date_gmt":"2021-01-06T15:34:25","guid":{"rendered":"https:\/\/www.gundlach-automotive.com\/radar-reifen\/?page_id=26"},"modified":"2021-01-12T06:08:08","modified_gmt":"2021-01-12T05:08:08","slug":"unbedenklichkeitsbescheinigung","status":"publish","type":"page","link":"https:\/\/radar-reifen.stage.blindwerk.de\/de\/unbedenklichkeitsbescheinigung\/","title":{"rendered":"Unbedenklichkeitsbescheinigung"},"content":{"rendered":"\n<p>F\u00fcr den Fall, dass Sie eine Unbedenklichkeitsbescheinigung f\u00fcr Ihre Rad-Reifen-Kombination ben\u00f6tigen, k\u00f6nnen Sie hier eine Anfrage stellen.<\/p>\n\n\n\n<div class=\"wpcf7 no-js\" id=\"wpcf7-f4836-o1\" lang=\"de-DE\" dir=\"ltr\" data-wpcf7-id=\"4836\">\n<div class=\"screen-reader-response\"><p role=\"status\" aria-live=\"polite\" aria-atomic=\"true\"><\/p> <ul><\/ul><\/div>\n<form action=\"\/de\/wp-json\/wp\/v2\/pages\/26#wpcf7-f4836-o1\" method=\"post\" class=\"wpcf7-form init\" aria-label=\"Kontaktformular\" novalidate=\"novalidate\" data-status=\"init\">\n<fieldset class=\"hidden-fields-container\"><input type=\"hidden\" name=\"_wpcf7\" value=\"4836\" \/><input type=\"hidden\" name=\"_wpcf7_version\" value=\"6.1.5\" \/><input type=\"hidden\" name=\"_wpcf7_locale\" value=\"de_DE\" \/><input type=\"hidden\" name=\"_wpcf7_unit_tag\" value=\"wpcf7-f4836-o1\" \/><input type=\"hidden\" name=\"_wpcf7_container_post\" value=\"0\" \/><input type=\"hidden\" name=\"_wpcf7_posted_data_hash\" value=\"\" \/>\n<\/fieldset>\n<div class=\"alert alert-warning\"><p><i class=\"fa fa-exclamation-triangle\"><\/i>Bitte entnehmen Sie die entsprechenden Daten aus Ihrem aktuellen Fahrzeugschein.<\/p><\/div>\n<h3>Vorderachse<\/h3>\n<div class=\"select-wrap\">\n<label>\nProfilname <span style=\"color: red\">*<\/span>\n<div class=\"form-group\">\n<span class=\"wpcf7-form-control-wrap customer-profilname-va\"><select name=\"customer-profilname-va\" class=\"wpcf7-form-control wpcf7-select wpcf7-validates-as-required\" aria-required=\"true\"><option value=\"\">Bitte w\u00e4hlen<\/option><option value=\"Argonite 4 Season\">Argonite 4 Season<\/option><option value=\"Argonite Alpine\">Argonite Alpine<\/option><option value=\"Argonite RV-4\">Argonite RV-4<\/option><option value=\"Argonite RV-4T\">Argonite RV-4T<\/option><option value=\"Dimax 4Season (PKW)\">Dimax 4Season (PKW)<\/option><option value=\"Dimax 4Season (SUV)\">Dimax 4Season (SUV)<\/option><option value=\"Dimax Alpine (PKW)\">Dimax Alpine (PKW)<\/option><option value=\"Dimax Alpine (SUV)\">Dimax Alpine (SUV)<\/option><option value=\"Dimax Classic\">Dimax Classic<\/option><option value=\"Dimax Classic WSW\">Dimax Classic WSW<\/option><option value=\"Dimax Eco\">Dimax Eco<\/option><option value=\"Dimax R8 (PKW)\">Dimax R8 (PKW)<\/option><option value=\"Dimax R8 (SUV)\">Dimax R8 (SUV)<\/option><option value=\"Dimax R8+ (PKW)\">Dimax R8+ (PKW)<\/option><option value=\"Dimax R8+ (SUV)\">Dimax R8+ (SUV)<\/option><option value=\"Renegade A\/T-5\">Renegade A\/T-5<\/option><option value=\"Renegade Classic\">Renegade Classic<\/option><option value=\"Renegade R\/T+\">Renegade R\/T+<\/option><option value=\"Renegade R7 M\/T\">Renegade R7 M\/T<\/option><option value=\"Rivera Pro 2 (PKW)\">Rivera Pro 2 (PKW)<\/option><option value=\"Rivera Pro 2 (SUV)\">Rivera Pro 2 (SUV)<\/option><option value=\"RPX-800 (PKW)\">RPX-800 (PKW)<\/option><option value=\"RPX-800 (SUV)\">RPX-800 (SUV)<\/option><option value=\"RPX-800+\">RPX-800+<\/option><option value=\"RST Spare Tyre\">RST Spare Tyre<\/option><\/select><\/span>\n<\/div>\n<\/label>\n<label>\nReifenbreite <span style=\"color: red\">*<\/span>\n<span class=\"wpcf7-form-control-wrap\" data-name=\"customer-va-breite\"><select class=\"wpcf7-form-control wpcf7-select wpcf7-validates-as-required\" aria-required=\"true\" aria-invalid=\"false\" name=\"customer-va-breite\"><option value=\"\">Bitte w\u00e4hlen<\/option><option value=\"125\">125<\/option><option value=\"135\">135<\/option><option value=\"145\">145<\/option><option value=\"155\">155<\/option><option value=\"165\">165<\/option><option value=\"175\">175<\/option><option value=\"185\">185<\/option><option value=\"195\">195<\/option><option value=\"205\">205<\/option><option value=\"215\">215<\/option><option value=\"225\">225<\/option><option value=\"235\">235<\/option><option value=\"245\">245<\/option><option value=\"255\">255<\/option><option value=\"265\">265<\/option><option value=\"275\">275<\/option><option value=\"285\">285<\/option><option value=\"295\">295<\/option><option value=\"305\">305<\/option><option value=\"315\">315<\/option><\/select><\/span>\n<\/label>\n<label>\nSerie <span style=\"color: red\">*<\/span>\n<span class=\"wpcf7-form-control-wrap\" data-name=\"customer-va-serie\"><select class=\"wpcf7-form-control wpcf7-select wpcf7-validates-as-required\" aria-required=\"true\" aria-invalid=\"false\" name=\"customer-va-serie\"><option value=\"\">Bitte w\u00e4hlen<\/option><option value=\"25\">25<\/option><option value=\"30\">30<\/option><option value=\"35\">35<\/option><option value=\"40\">40<\/option><option value=\"45\">45<\/option><option value=\"50\">50<\/option><option value=\"55\">55<\/option><option value=\"60\">60<\/option><option value=\"65\">65<\/option><option value=\"70\">70<\/option><option value=\"75\">75<\/option><option value=\"80\">80<\/option><\/select><\/span>\n<\/label>\n<label>\nZoll <span style=\"color: red\">*<\/span>\n<span class=\"wpcf7-form-control-wrap\" data-name=\"customer-va-zoll\"><select class=\"wpcf7-form-control wpcf7-select wpcf7-validates-as-required\" aria-required=\"true\" aria-invalid=\"false\" name=\"customer-va-zoll\"><option value=\"\">Bitte w\u00e4hlen<\/option><option value=\"12\">12<\/option><option value=\"13\">13<\/option><option value=\"14\">14<\/option><option value=\"15\">15<\/option><option value=\"16\">16<\/option><option value=\"17\">17<\/option><option value=\"18\">18<\/option><option value=\"19\">19<\/option><option value=\"20\">20<\/option><option value=\"21\">21<\/option><option value=\"22\">22<\/option><option value=\"23\">23<\/option><option value=\"24\">24<\/option><\/select><\/span>\n<\/label>\n<label>\nFelgenbreite <span style=\"color: red\">*<\/span>\n<span class=\"wpcf7-form-control-wrap\" data-name=\"customer-va-felgenbreite\"><select class=\"wpcf7-form-control wpcf7-select wpcf7-validates-as-required\" aria-required=\"true\" aria-invalid=\"false\" name=\"customer-va-felgenbreite\"><option value=\"\">Bitte w\u00e4hlen<\/option><option value=\"3,0\">3,0<\/option><option value=\"3,5\">3,5<\/option><option value=\"4,0\">4,0<\/option><option value=\"4,5\">4,5<\/option><option value=\"5,0\">5,0<\/option><option value=\"5,5\">5,5<\/option><option value=\"6,0\">6,0<\/option><option value=\"6,5\">6,5<\/option><option value=\"7,0\">7,0<\/option><option value=\"7,5\">7,5<\/option><option value=\"8,0\">8,0<\/option><option value=\"8,5\">8,5<\/option><option value=\"9,0\">9,0<\/option><option value=\"9,5\">9,5<\/option><option value=\"10,0\">10,0<\/option><option value=\"10,5\">10,5<\/option><option value=\"11,0\">11,0<\/option><option value=\"11,5\">11,5<\/option><option value=\"12,0\">12,0<\/option><\/select><\/span>\n<\/label>\n<label>\nDurchmesser <span style=\"color: red\">*<\/span>\n<span class=\"wpcf7-form-control-wrap\" data-name=\"customer-va-felgendurchmesser\"><select class=\"wpcf7-form-control wpcf7-select wpcf7-validates-as-required\" aria-required=\"true\" aria-invalid=\"false\" name=\"customer-va-felgendurchmesser\"><option value=\"\">Bitte w\u00e4hlen<\/option><option value=\"12\">12<\/option><option value=\"13\">13<\/option><option value=\"14\">14<\/option><option value=\"15\">15<\/option><option value=\"16\">16<\/option><option value=\"17\">17<\/option><option value=\"18\">18<\/option><option value=\"19\">19<\/option><option value=\"20\">20<\/option><option value=\"21\">21<\/option><option value=\"22\">22<\/option><option value=\"23\">23<\/option><option value=\"24\">24<\/option><\/select><\/span>\n<\/label>\n<\/div>\n<h3>Hinterachse<\/h3>\n<div class=\"select-wrap\">\n<label>\nProfilname <span style=\"color: red\">*<\/span>\n<div class=\"form-group\">\n<span class=\"wpcf7-form-control-wrap customer-profilname-ha\"><select name=\"customer-profilname-ha\" class=\"wpcf7-form-control wpcf7-select wpcf7-validates-as-required\" aria-required=\"true\"><option value=\"\">Bitte w\u00e4hlen<\/option><option value=\"Argonite 4 Season\">Argonite 4 Season<\/option><option value=\"Argonite Alpine\">Argonite Alpine<\/option><option value=\"Argonite RV-4\">Argonite RV-4<\/option><option value=\"Argonite RV-4T\">Argonite RV-4T<\/option><option value=\"Dimax 4Season (PKW)\">Dimax 4Season (PKW)<\/option><option value=\"Dimax 4Season (SUV)\">Dimax 4Season (SUV)<\/option><option value=\"Dimax Alpine (PKW)\">Dimax Alpine (PKW)<\/option><option value=\"Dimax Alpine (SUV)\">Dimax Alpine (SUV)<\/option><option value=\"Dimax Classic\">Dimax Classic<\/option><option value=\"Dimax Classic WSW\">Dimax Classic WSW<\/option><option value=\"Dimax Eco\">Dimax Eco<\/option><option value=\"Dimax R8 (PKW)\">Dimax R8 (PKW)<\/option><option value=\"Dimax R8 (SUV)\">Dimax R8 (SUV)<\/option><option value=\"Dimax R8+ (PKW)\">Dimax R8+ (PKW)<\/option><option value=\"Dimax R8+ (SUV)\">Dimax R8+ (SUV)<\/option><option value=\"Renegade A\/T-5\">Renegade A\/T-5<\/option><option value=\"Renegade Classic\">Renegade Classic<\/option><option value=\"Renegade R\/T+\">Renegade R\/T+<\/option><option value=\"Renegade R7 M\/T\">Renegade R7 M\/T<\/option><option value=\"Rivera Pro 2 (PKW)\">Rivera Pro 2 (PKW)<\/option><option value=\"Rivera Pro 2 (SUV)\">Rivera Pro 2 (SUV)<\/option><option value=\"RPX-800 (PKW)\">RPX-800 (PKW)<\/option><option value=\"RPX-800 (SUV)\">RPX-800 (SUV)<\/option><option value=\"RPX-800+\">RPX-800+<\/option><option value=\"RST Spare Tyre\">RST Spare Tyre<\/option><\/select><\/span>\n<\/div>\n<\/label>\n<label>\nReifenbreite <span style=\"color: red\">*<\/span>\n<span class=\"wpcf7-form-control-wrap\" data-name=\"customer-ha-breite\"><select class=\"wpcf7-form-control wpcf7-select wpcf7-validates-as-required\" aria-required=\"true\" aria-invalid=\"false\" name=\"customer-ha-breite\"><option value=\"\">Bitte w\u00e4hlen<\/option><option value=\"125\">125<\/option><option value=\"135\">135<\/option><option value=\"145\">145<\/option><option value=\"155\">155<\/option><option value=\"165\">165<\/option><option value=\"175\">175<\/option><option value=\"185\">185<\/option><option value=\"195\">195<\/option><option value=\"205\">205<\/option><option value=\"215\">215<\/option><option value=\"225\">225<\/option><option value=\"235\">235<\/option><option value=\"245\">245<\/option><option value=\"255\">255<\/option><option value=\"265\">265<\/option><option value=\"275\">275<\/option><option value=\"285\">285<\/option><option value=\"295\">295<\/option><option value=\"305\">305<\/option><option value=\"315\">315<\/option><\/select><\/span>\n<\/label>\n<label>\nSerie <span style=\"color: red\">*<\/span>\n<span class=\"wpcf7-form-control-wrap\" data-name=\"customer-ha-serie\"><select class=\"wpcf7-form-control wpcf7-select wpcf7-validates-as-required\" aria-required=\"true\" aria-invalid=\"false\" name=\"customer-ha-serie\"><option value=\"\">Bitte w\u00e4hlen<\/option><option value=\"25\">25<\/option><option value=\"30\">30<\/option><option value=\"35\">35<\/option><option value=\"40\">40<\/option><option value=\"45\">45<\/option><option value=\"50\">50<\/option><option value=\"55\">55<\/option><option value=\"60\">60<\/option><option value=\"65\">65<\/option><option value=\"70\">70<\/option><option value=\"75\">75<\/option><option value=\"80\">80<\/option><\/select><\/span>\n<\/label>\n<label>\nZoll <span style=\"color: red\">*<\/span>\n<span class=\"wpcf7-form-control-wrap\" data-name=\"customer-ha-zoll\"><select class=\"wpcf7-form-control wpcf7-select wpcf7-validates-as-required\" aria-required=\"true\" aria-invalid=\"false\" name=\"customer-ha-zoll\"><option value=\"\">Bitte w\u00e4hlen<\/option><option value=\"12\">12<\/option><option value=\"13\">13<\/option><option value=\"14\">14<\/option><option value=\"15\">15<\/option><option value=\"16\">16<\/option><option value=\"17\">17<\/option><option value=\"18\">18<\/option><option value=\"19\">19<\/option><option value=\"20\">20<\/option><option value=\"21\">21<\/option><option value=\"22\">22<\/option><option value=\"23\">23<\/option><option value=\"24\">24<\/option><\/select><\/span>\n<\/label>\n<label>\nFelgenbreite <span style=\"color: red\">*<\/span>\n<span class=\"wpcf7-form-control-wrap\" data-name=\"customer-ha-felgenbreite\"><select class=\"wpcf7-form-control wpcf7-select wpcf7-validates-as-required\" aria-required=\"true\" aria-invalid=\"false\" name=\"customer-ha-felgenbreite\"><option value=\"\">Bitte w\u00e4hlen<\/option><option value=\"3,0\">3,0<\/option><option value=\"3,5\">3,5<\/option><option value=\"4,0\">4,0<\/option><option value=\"4,5\">4,5<\/option><option value=\"5,0\">5,0<\/option><option value=\"5,5\">5,5<\/option><option value=\"6,0\">6,0<\/option><option value=\"6,5\">6,5<\/option><option value=\"7,0\">7,0<\/option><option value=\"7,5\">7,5<\/option><option value=\"8,0\">8,0<\/option><option value=\"8,5\">8,5<\/option><option value=\"9,0\">9,0<\/option><option value=\"9,5\">9,5<\/option><option value=\"10,0\">10,0<\/option><option value=\"10,5\">10,5<\/option><option value=\"11,0\">11,0<\/option><option value=\"11,5\">11,5<\/option><option value=\"12,0\">12,0<\/option><\/select><\/span>\n<\/label>\n<label>\nDurchmesser <span style=\"color: red\">*<\/span>\n<span class=\"wpcf7-form-control-wrap\" data-name=\"customer-ha-felgendurchmesser\"><select class=\"wpcf7-form-control wpcf7-select wpcf7-validates-as-required\" aria-required=\"true\" aria-invalid=\"false\" name=\"customer-ha-felgendurchmesser\"><option value=\"\">Bitte w\u00e4hlen<\/option><option value=\"12\">12<\/option><option value=\"13\">13<\/option><option value=\"14\">14<\/option><option value=\"15\">15<\/option><option value=\"16\">16<\/option><option value=\"17\">17<\/option><option value=\"18\">18<\/option><option value=\"19\">19<\/option><option value=\"20\">20<\/option><option value=\"21\">21<\/option><option value=\"22\">22<\/option><option value=\"23\">23<\/option><option value=\"24\">24<\/option><\/select><\/span>\n<\/label>\n<\/div>\n<h3>Ihre Kontaktdaten<\/h3>\n<div class=\"field-wrap\">\n<span class=\"wpcf7-form-control-wrap\" data-name=\"customer-first-name\"><input size=\"40\" maxlength=\"400\" class=\"wpcf7-form-control wpcf7-text wpcf7-validates-as-required\" aria-required=\"true\" aria-invalid=\"false\" placeholder=\"Vorname\" value=\"\" type=\"text\" name=\"customer-first-name\" \/><\/span>\n<span class=\"wpcf7-form-control-wrap\" data-name=\"customer-last-name\"><input size=\"40\" maxlength=\"400\" class=\"wpcf7-form-control wpcf7-text wpcf7-validates-as-required\" aria-required=\"true\" aria-invalid=\"false\" placeholder=\"Nachname\" value=\"\" type=\"text\" name=\"customer-last-name\" \/><\/span>\n<span class=\"wpcf7-form-control-wrap\" data-name=\"customer-street-name\"><input size=\"40\" maxlength=\"400\" class=\"wpcf7-form-control wpcf7-text wpcf7-validates-as-required\" aria-required=\"true\" aria-invalid=\"false\" placeholder=\"Stra\u00dfe\" value=\"\" type=\"text\" name=\"customer-street-name\" \/><\/span>\n<span class=\"wpcf7-form-control-wrap\" data-name=\"customer-street-nr\"><input size=\"40\" maxlength=\"400\" class=\"wpcf7-form-control wpcf7-text wpcf7-validates-as-required\" aria-required=\"true\" aria-invalid=\"false\" placeholder=\"Hausnr.\" value=\"\" type=\"text\" name=\"customer-street-nr\" \/><\/span>\n<span class=\"wpcf7-form-control-wrap\" data-name=\"customer-zip\"><input class=\"wpcf7-form-control wpcf7-number wpcf7-validates-as-required wpcf7-validates-as-number\" min=\"00001\" max=\"99999\" aria-required=\"true\" aria-invalid=\"false\" placeholder=\"PLZ\" value=\"\" type=\"number\" name=\"customer-zip\" \/><\/span>\n<span class=\"wpcf7-form-control-wrap\" data-name=\"customer-town\"><input size=\"40\" maxlength=\"400\" class=\"wpcf7-form-control wpcf7-text wpcf7-validates-as-required\" aria-required=\"true\" aria-invalid=\"false\" placeholder=\"Ort\" value=\"\" type=\"text\" name=\"customer-town\" \/><\/span>\n<span class=\"wpcf7-form-control-wrap\" data-name=\"customer-email\"><input size=\"40\" maxlength=\"400\" class=\"wpcf7-form-control wpcf7-email wpcf7-validates-as-required wpcf7-text wpcf7-validates-as-email\" aria-required=\"true\" aria-invalid=\"false\" placeholder=\"E-Mail (name@domain.tld)\" value=\"\" type=\"email\" name=\"customer-email\" \/><\/span>\n<span class=\"wpcf7-form-control-wrap\" data-name=\"customer-phone\"><input size=\"40\" maxlength=\"400\" class=\"wpcf7-form-control wpcf7-tel wpcf7-text wpcf7-validates-as-tel\" aria-invalid=\"false\" placeholder=\"Telefonnummer\" value=\"\" type=\"tel\" name=\"customer-phone\" \/><\/span>\n<\/div>\n<p><span class=\"wpcf7-form-control-wrap\" data-name=\"agbok\"><span class=\"wpcf7-form-control wpcf7-acceptance\"><span class=\"wpcf7-list-item\"><input type=\"checkbox\" name=\"agbok\" value=\"1\" aria-invalid=\"false\" \/><\/span><\/span><\/span> <span id=\"check-the-terms\">Bitte akzeptieren Sie vor dem Senden unsere <a href=\"https:\/\/www.radar-reifen.stage.blindwerk.de\/nutzungsbedingungen\/\" target=\"_blank\" title=\"Nutzungsbedingungen\">Nutzungsbedingungen<\/a> sowie unsere <a href=\"https:\/\/www.radar-reifen.stage.blindwerk.de\/datenschutz\/\" target=\"_blank\" title=\"Datenschutzbestimmungen\">Datenschutzbestimmungen<\/a>.<\/span><\/p>\n<input class=\"wpcf7-form-control wpcf7-submit has-spinner\" type=\"submit\" value=\"Senden\" \/>\n<p>Mit <small style=\"color: red;\">*<\/small> markierte Felder sind Pflichtfelder.<\/p><input type=\"hidden\" id=\"ct_checkjs_cf7_060ad92489947d410d897474079c1477\" name=\"ct_checkjs_cf7\" value=\"0\" \/><script >setTimeout(function(){var ct_input_name = \"ct_checkjs_cf7_060ad92489947d410d897474079c1477\";if (document.getElementById(ct_input_name) !== null) {var ct_input_value = document.getElementById(ct_input_name).value;document.getElementById(ct_input_name).value = document.getElementById(ct_input_name).value.replace(ct_input_value, '1990497492');}}, 1000);<\/script><input\n                    class=\"apbct_special_field apbct_email_id__wp_contact_form_7\"\n                    name=\"apbct__email_id__wp_contact_form_7\"\n                    aria-label=\"apbct__label_id__wp_contact_form_7\"\n                    type=\"text\" size=\"30\" maxlength=\"200\" autocomplete=\"off\"\n                    value=\"\"\n                \/><div class=\"wpcf7-response-output\" aria-hidden=\"true\"><\/div>\n<\/form>\n<\/div>\n\n","protected":false},"excerpt":{"rendered":"<p>F\u00fcr den Fall, dass Sie eine Unbedenklichkeitsbescheinigung f\u00fcr Ihre Rad-Reifen-Kombination ben\u00f6tigen, k\u00f6nnen Sie hier eine Anfrage stellen.<\/p>\n","protected":false},"author":1,"featured_media":0,"parent":0,"menu_order":3,"comment_status":"closed","ping_status":"closed","template":"","meta":{"footnotes":""},"class_list":["post-26","page","type-page","status-publish","hentry"],"_links":{"self":[{"href":"https:\/\/radar-reifen.stage.blindwerk.de\/de\/wp-json\/wp\/v2\/pages\/26","targetHints":{"allow":["GET"]}}],"collection":[{"href":"https:\/\/radar-reifen.stage.blindwerk.de\/de\/wp-json\/wp\/v2\/pages"}],"about":[{"href":"https:\/\/radar-reifen.stage.blindwerk.de\/de\/wp-json\/wp\/v2\/types\/page"}],"author":[{"embeddable":true,"href":"https:\/\/radar-reifen.stage.blindwerk.de\/de\/wp-json\/wp\/v2\/users\/1"}],"replies":[{"embeddable":true,"href":"https:\/\/radar-reifen.stage.blindwerk.de\/de\/wp-json\/wp\/v2\/comments?post=26"}],"version-history":[{"count":1,"href":"https:\/\/radar-reifen.stage.blindwerk.de\/de\/wp-json\/wp\/v2\/pages\/26\/revisions"}],"predecessor-version":[{"id":4838,"href":"https:\/\/radar-reifen.stage.blindwerk.de\/de\/wp-json\/wp\/v2\/pages\/26\/revisions\/4838"}],"wp:attachment":[{"href":"https:\/\/radar-reifen.stage.blindwerk.de\/de\/wp-json\/wp\/v2\/media?parent=26"}],"curies":[{"name":"wp","href":"https:\/\/api.w.org\/{rel}","templated":true}]}}