{"id":2,"date":"2021-01-06T12:44:14","date_gmt":"2021-01-06T11:44:14","guid":{"rendered":"https:\/\/www.gundlach-automotive.com\/radar-reifen\/?page_id=2"},"modified":"2021-01-06T17:12:48","modified_gmt":"2021-01-06T16:12:48","slug":"start","status":"publish","type":"page","link":"https:\/\/radar-reifen.stage.blindwerk.de\/de\/","title":{"rendered":"Willkommen bei Radar Reifen"},"content":{"rendered":"\n<p>Radar Reifen \u2013 die moderne Reifenmarke, die h\u00f6chste Qualit\u00e4tsanspr\u00fcche mit hervorragendem Preisleistungsverh\u00e4ltnis verbindet. Seit 2006 werden Radar Reifen f\u00fcr den globalen Markt produziert und Qualit\u00e4tsbeweis sind weltweit anerkannte Qualit\u00e4tsmanagementsysteme wie ISO, DOT, ECE, INMETRO, GCC und CCC.<\/p>\n\n\n\n<p>Die Produktion in drei L\u00e4ndern und acht modernen Fabriken erfolgt komplett ohne polyzyklische aromatische Kohlenwasserstoffe (PAK) und erf\u00fcllt somit unter anderem die strenge EU-REACH-Verordnung.<\/p>\n\n\n\n<blockquote class=\"wp-block-quote is-layout-flow wp-block-quote-is-layout-flow\"><p>Deshalb wurde die Marke Radar im Jahr 2013 zur \u201eweltweit ersten kohlenstofffreien Reifenmarke\u201d erkl\u00e4rt.<\/p><\/blockquote>\n\n\n\n<p>H\u00f6chste Qualit\u00e4tsstandards bei gleichzeitig umweltgerechter Produktion bieten dem Verbraucher Sicherheit, souver\u00e4nes Fahrgef\u00fchl und eine gro\u00dfe Auswahl an Sommer-, Winter- und auch Allwetterreifen zum fairen Preis.<\/p>\n\n\n\n<p>Mit anderen Worten ausgedr\u00fcckt:<\/p>\n\n\n\n<blockquote class=\"wp-block-quote is-layout-flow wp-block-quote-is-layout-flow\"><p>Radar \u2013 made for all \u2013&nbsp;<a href=\"https:\/\/www.radar-reifen.stage.blindwerk.de\/profile\">hier geht\u2019s zu den Profilen<\/a>.<\/p><\/blockquote>\n","protected":false},"excerpt":{"rendered":"<p>Radar Reifen \u2013 die moderne Reifenmarke, die h\u00f6chste Qualit\u00e4tsanspr\u00fcche mit hervorragendem Preisleistungsverh\u00e4ltnis verbindet. Seit 2006 werden Radar Reifen f\u00fcr den globalen Markt produziert und Qualit\u00e4tsbeweis sind weltweit anerkannte Qualit\u00e4tsmanagementsysteme wie ISO, DOT, ECE, INMETRO, GCC und CCC. Die Produktion in drei L\u00e4ndern und acht modernen Fabriken erfolgt komplett ohne polyzyklische aromatische Kohlenwasserstoffe (PAK) und erf\u00fcllt [&hellip;]<\/p>\n","protected":false},"author":1,"featured_media":0,"parent":0,"menu_order":1,"comment_status":"closed","ping_status":"closed","template":"","meta":{"footnotes":""},"class_list":["post-2","page","type-page","status-publish","hentry"],"_links":{"self":[{"href":"https:\/\/radar-reifen.stage.blindwerk.de\/de\/wp-json\/wp\/v2\/pages\/2","targetHints":{"allow":["GET"]}}],"collection":[{"href":"https:\/\/radar-reifen.stage.blindwerk.de\/de\/wp-json\/wp\/v2\/pages"}],"about":[{"href":"https:\/\/radar-reifen.stage.blindwerk.de\/de\/wp-json\/wp\/v2\/types\/page"}],"author":[{"embeddable":true,"href":"https:\/\/radar-reifen.stage.blindwerk.de\/de\/wp-json\/wp\/v2\/users\/1"}],"replies":[{"embeddable":true,"href":"https:\/\/radar-reifen.stage.blindwerk.de\/de\/wp-json\/wp\/v2\/comments?post=2"}],"version-history":[{"count":3,"href":"https:\/\/radar-reifen.stage.blindwerk.de\/de\/wp-json\/wp\/v2\/pages\/2\/revisions"}],"predecessor-version":[{"id":59,"href":"https:\/\/radar-reifen.stage.blindwerk.de\/de\/wp-json\/wp\/v2\/pages\/2\/revisions\/59"}],"wp:attachment":[{"href":"https:\/\/radar-reifen.stage.blindwerk.de\/de\/wp-json\/wp\/v2\/media?parent=2"}],"curies":[{"name":"wp","href":"https:\/\/api.w.org\/{rel}","templated":true}]}}